{"id":441,"date":"2017-05-18T11:21:02","date_gmt":"2017-05-18T09:21:02","guid":{"rendered":"http:\/\/www.uebersetzungen-klein.de\/gk\/?page_id=441"},"modified":"2019-11-09T09:12:46","modified_gmt":"2019-11-09T08:12:46","slug":"datenschutz-oder-datenschutzerklaerung","status":"publish","type":"page","link":"https:\/\/www.uebersetzungen-klein.de\/gk\/datenschutz-oder-datenschutzerklaerung\/","title":{"rendered":"Datenschutzerkl\u00e4rung"},"content":{"rendered":"<h1>Datenschutzerkl\u00e4rung<\/h1>\n<p><strong>Allgemeiner Hinweis und Pflichtinformationen<\/strong><\/p>\n<p><strong>Benennung der verantwortlichen Stelle<\/strong><\/p>\n<p>Die verantwortliche Stelle f\u00fcr die Datenverarbeitung auf dieser Website ist:<\/p>\n<p>Gabriele Klein, Dipl.-\u00dcbers.<\/p>\n<p>Allgemein erm\u00e4chtigt durch das<\/p>\n<p>Oberlandesgericht K\u00f6ln, AZ: 3162-111387(7)<\/p>\n<p>Alte Bonner Str. 10<br \/>\nD \u2013 53757 Sankt Augustin<\/p>\n<p>Tel.:\u00a0+ 49 (0)2241 \u2013 33 55 12<br \/>\nE-Mail: info@uebersetzungen-klein.de<\/p>\n<p>&nbsp;<\/p>\n<p>Die verantwortliche Stelle entscheidet allein oder gemeinsam mit anderen \u00fcber die Zwecke und Mittel der Verarbeitung von personenbezogenen Daten (z.B. Namen, Kontaktdaten o. \u00c4.).<\/p>\n<p><strong>Widerruf Ihrer Einwilligung zur Datenverarbeitung<\/strong><\/p>\n<p>Nur mit Ihrer ausdr\u00fccklichen Einwilligung sind einige Vorg\u00e4nge der Datenverarbeitung m\u00f6glich. Ein Widerruf Ihrer bereits erteilten Einwilligung ist jederzeit m\u00f6glich. F\u00fcr den Widerruf gen\u00fcgt eine formlose Mitteilung per E-Mail an meine o. g. E-Mailadresse. Die Rechtm\u00e4\u00dfigkeit der bis zum Widerruf erfolgten Datenverarbeitung bleibt vom Widerruf unber\u00fchrt.<\/p>\n<p><strong>Recht auf Beschwerde bei der zust\u00e4ndigen Aufsichtsbeh\u00f6rde<\/strong><\/p>\n<p>Als Betroffener steht Ihnen im Falle eines datenschutzrechtlichen Versto\u00dfes ein Beschwerderecht bei der zust\u00e4ndigen Aufsichtsbeh\u00f6rde zu. Zust\u00e4ndige Aufsichtsbeh\u00f6rde bez\u00fcglich datenschutzrechtlicher Fragen ist der Landesdatenschutzbeauftragte des Bundeslandes, in dem sich der Sitz meines Unternehmens befindet. Der folgende Link stellt eine Liste der Datenschutzbeauftragten sowie deren Kontaktdaten bereit: <a href=\"https:\/\/www.bfdi.bund.de\/DE\/Infothek\/Anschriften_Links\/anschriften_links-node.html\">https:\/\/www.bfdi.bund.de\/DE\/Infothek\/Anschriften_Links\/anschriften_links-node.html<\/a>.<\/p>\n<p><strong>Recht auf Daten\u00fcbertragbarkeit<\/strong><\/p>\n<p>Ihnen steht das Recht zu, Daten, die ich auf Grundlage Ihrer Einwilligung oder in Erf\u00fcllung eines Vertrags automatisiert verarbeite, an sich oder an Dritte aush\u00e4ndigen zu lassen. Die Bereitstellung erfolgt in einem maschinenlesbaren Format. Sofern Sie die direkte \u00dcbertragung der Daten an einen anderen Verantwortlichen verlangen, erfolgt dies nur, soweit es technisch machbar ist.<\/p>\n<p><strong>Recht auf Auskunft, Berichtigung, Sperrung, L\u00f6schung<\/strong><\/p>\n<p>Sie haben jederzeit im Rahmen der geltenden gesetzlichen Bestimmungen das Recht auf unentgeltliche Auskunft \u00fcber Ihre gespeicherten personenbezogenen Daten, Herkunft der Daten, deren Empf\u00e4nger und den Zweck der Datenverarbeitung und ggf. ein Recht auf Berichtigung, Sperrung oder L\u00f6schung dieser Daten. Diesbez\u00fcglich und auch zu weiteren Fragen zum Thema personenbezogene Daten k\u00f6nnen Sie sich jederzeit \u00fcber die im Impressum aufgef\u00fchrten Kontaktm\u00f6glichkeiten an mich wenden.<\/p>\n<p><strong>SSL- bzw. TLS-Verschl\u00fcsselung<\/strong><\/p>\n<p>Aus Sicherheitsgr\u00fcnden und zum Schutz der \u00dcbertragung vertraulicher Inhalte, die Sie an mich als Seitenbetreiber senden, nutzt meine Website eine SSL-bzw. TLS-Verschl\u00fcsselung. Damit sind Daten, die Sie \u00fcber diese Website \u00fcbermitteln, f\u00fcr Dritte nicht mitlesbar. Sie erkennen eine verschl\u00fcsselte Verbindung an der \u201ehttps:\/\/\u201c Adresszeile Ihres Browsers und am Schloss-Symbol in der Browserzeile.<\/p>\n<p><strong>Datenschutzbeauftragter<\/strong><\/p>\n<p>Ich bin nicht verpflichtet, einen Datenschutzbeauftragten zu benennen, verpflichte mich aber, mich an die Datenschutzgesetzgebung zu halten.<\/p>\n<p><strong>Server-Log-Dateien<\/strong><\/p>\n<p>In Server-Log-Dateien erhebt und speichert der Provider der Website automatisch Informationen, die Ihr Browser automatisch an mich \u00fcbermittelt. Dies sind:<\/p>\n<ul>\n<li>Browsertyp und Browserversion<\/li>\n<li>Verwendetes Betriebssystem<\/li>\n<li>Referrer URL<\/li>\n<li>Hostname des zugreifenden Rechners<\/li>\n<li>Uhrzeit der Serveranfrage<\/li>\n<li>IP-Adresse<\/li>\n<\/ul>\n<p>Es findet keine Zusammenf\u00fchrung dieser Daten mit anderen Datenquellen statt. Grundlage der Datenverarbeitung bildet Art. 6 Abs. 1 lit. b DSGVO, der die Verarbeitung von Daten zur Erf\u00fcllung eines Vertrags oder vorvertraglicher Ma\u00dfnahmen gestattet.<\/p>\n<p><strong>Speicherdauer von Beitr\u00e4gen und Kommentaren<\/strong><\/p>\n<p>Beitr\u00e4ge und Kommentare sowie damit in Verbindung stehende Daten, wie beispielsweise IP-Adressen, werden gespeichert. Der Inhalt verbleibt auf meiner Website, bis er vollst\u00e4ndig gel\u00f6scht wurde oder aus rechtlichen Gr\u00fcnden gel\u00f6scht werden musste.<\/p>\n<p>Die Speicherung der Beitr\u00e4ge und Kommentare erfolgt auf Grundlage Ihrer Einwilligung (Art. 6 Abs. 1 lit. a DSGVO). Ein Widerruf Ihrer bereits erteilten Einwilligung ist jederzeit m\u00f6glich. F\u00fcr den Widerruf gen\u00fcgt eine formlose Mitteilung per E-Mail. Die Rechtm\u00e4\u00dfigkeit bereits erfolgter Datenverarbeitungsvorg\u00e4nge bleibt vom Widerruf unber\u00fchrt.<\/p>\n<p><strong>Verarbeiten von Daten (Kunden- und Vertragsdaten)<\/strong><\/p>\n<p>Ich erhebe, verarbeite und nutze personenbezogene Daten nur, soweit sie f\u00fcr die Begr\u00fcndung, inhaltliche Ausgestaltung oder \u00c4nderung des Rechtsverh\u00e4ltnisses erforderlich sind (Bestandsdaten). Dies erfolgt auf Grundlage von Art. 6 Abs. 1 lit. b DSGVO, der die Verarbeitung von Daten zur Erf\u00fcllung eines Vertrags oder vorvertraglicher Ma\u00dfnahmen gestattet. Personenbezogene Daten \u00fcber die Inanspruchnahme meiner Internetseiten (Nutzungsdaten) erhebe, verarbeite und nutze ich nur, soweit dies erforderlich ist, um dem Nutzer die Inanspruchnahme des Dienstes zu erm\u00f6glichen oder abzurechnen.<\/p>\n<p>Die erhobenen Kundendaten werden nach Abschluss des Auftrags oder Beendigung der Gesch\u00e4ftsbeziehung gel\u00f6scht. Gesetzliche Aufbewahrungsfristen bleiben unber\u00fchrt.<\/p>\n<p><strong>Daten\u00fcbermittlung bei Vertragsschluss f\u00fcr Dienstleistungen und digitale Inhalte<\/strong><\/p>\n<p>Ich \u00fcbermittele personenbezogene Daten an Dritte nur dann, wenn dies im Rahmen der Vertragsabwicklung notwendig ist.<\/p>\n<p>Eine weitergehende \u00dcbermittlung der Daten erfolgt nicht bzw. nur dann, wenn Sie der \u00dcbermittlung ausdr\u00fccklich zugestimmt haben. Eine Weitergabe Ihrer Daten an Dritte ohne ausdr\u00fcckliche Einwilligung, etwa zu Zwecken der Werbung, erfolgt nicht.<\/p>\n<p>Grundlage f\u00fcr die Datenverarbeitung ist Art. 6 Abs. 1 lit. b DSGVO, der die Verarbeitung von Daten zur Erf\u00fcllung eines Vertrags oder vorvertraglicher Ma\u00dfnahmen gestattet.<\/p>\n<p><strong>Nutzung der Z\u00e4hlpixel der VG WORT<\/strong><\/p>\n<p>Auf einigen Seiten und Beitr\u00e4gen wurden Z\u00e4hlpixel der Verwertungsgesellschaft WORT (VG WORT) eingebaut. Angeboten wird diese Funktion durch die Verwertungsgesellschaft WORT, Rechtsf\u00e4higer Verein kraft Verleihung, Goethestra\u00dfe 49, 80336 M\u00fcnchen. Die VG WORT verwaltet f\u00fcr Autoren die Tantiemen aus Zweitverwertungsrechten an Sprachwerken. Die Aussch\u00fcttung von Tantiemen f\u00fcr Onlinetexte ist an bestimmte Kriterien (z.B. Textl\u00e4nge, Mindestbesucherzahl pro Jahr) gebunden. Die so genannten Z\u00e4hlpixel der VG WORT sind unsichtbare Grafiken (Beacons), zudem werden bei dem Messverfahren \u201cCookies\u201d verwendet und in Form einer Textdatei auf Ihrem Computer gespeichert. Dadurch k\u00f6nnen Informationen \u00fcber den Besucherverkehr auf diesen Seiten ausgewertet werden. Die so ermittelten Daten nutzt die VG WORT, um festzustellen, ob der jeweilige Text im Kalenderjahr aussch\u00fcttungsbezogene Schwellenwerte erreicht hat.<\/p>\n<p><strong>Cookies<\/strong><\/p>\n<p>Meine Website verwendet Cookies. Das sind kleine Textdateien, die Ihr Webbrowser auf Ihrem Endger\u00e4t speichert. Cookies helfen mir dabei, mein Angebot nutzerfreundlicher, effektiver und sicherer zu machen.<\/p>\n<p>Einige Cookies sind \u201cSession-Cookies.\u201d Solche Cookies werden nach Ende Ihrer Browser-Sitzung von selbst gel\u00f6scht. Hingegen bleiben andere Cookies auf Ihrem Endger\u00e4t bestehen, bis Sie diese selbst l\u00f6schen. Solche Cookies helfen mir, Sie bei R\u00fcckkehr auf meiner Website wiederzuerkennen.<\/p>\n<p>Mit einem modernen Webbrowser k\u00f6nnen Sie das Setzen von Cookies \u00fcberwachen, einschr\u00e4nken oder unterbinden. Viele Webbrowser lassen sich so konfigurieren, dass Cookies mit dem Schlie\u00dfen des Programms von selbst gel\u00f6scht werden. Die Deaktivierung von Cookies kann eine eingeschr\u00e4nkte Funktionalit\u00e4t meiner Website zur Folge haben.<\/p>\n<p>Das Setzen von Cookies, die zur Aus\u00fcbung elektronischer Kommunikationsvorg\u00e4nge notwendig sind, erfolgt auf Grundlage von Art. 6 Abs. 1 lit. f DSGVO. Als Betreiber dieser Website habe ich ein berechtigtes Interesse an der Speicherung von Cookies zur technisch fehlerfreien und reibungslosen Bereitstellung meiner Dienste. Sofern die Setzung anderer Cookies (z.B. f\u00fcr Analyse-Funktionen) erfolgt, werden diese in dieser Datenschutzerkl\u00e4rung separat behandelt.<\/p>\n<p><strong>Analyse Tools und Werbung<\/strong><\/p>\n<p><strong>WordPress Stats<\/strong><\/p>\n<p>Diese Website nutzt das WordPress Tool Stats, um Besucherzugriffe statistisch auszuwerten. Anbieter ist die Automattic Inc., 60 29th Street #343, San Francisco, CA 94110-4929, USA.<\/p>\n<p>WordPress Stats verwendet Cookies, die auf Ihrem Computer gespeichert werden und die eine Analyse der Benutzung der Website erlauben. Die durch die Cookies generierten Informationen \u00fcber die Benutzung meiner Website werden auf Servern in den USA gespeichert. Ihre IP-Adresse wird nach der Verarbeitung und vor der Speicherung anonymisiert.<\/p>\n<p>\u201cWordPress-Stats\u201d-Cookies verbleiben auf Ihrem Endger\u00e4t, bis Sie sie l\u00f6schen.<\/p>\n<p>Die Speicherung von \u201cWordPress Stats\u201d-Cookies erfolgt auf Grundlage von Art. 6 Abs. 1 lit. f DSGVO. Der Websitebetreiber hat ein berechtigtes Interesse an der anonymisierten Analyse des Nutzerverhaltens, um sowohl sein Webangebot als auch seine Werbung zu optimieren.<\/p>\n<p>Sie k\u00f6nnen Ihren Browser so einstellen, dass Sie \u00fcber das Setzen von Cookies informiert werden und Cookies nur im Einzelfall erlauben, die Annahme von Cookies f\u00fcr bestimmte F\u00e4lle oder generell ausschlie\u00dfen sowie das automatische L\u00f6schen der Cookies beim Schlie\u00dfen des Browser aktivieren. Bei der Deaktivierung von Cookies kann die Funktionalit\u00e4t meiner Website eingeschr\u00e4nkt sein.<\/p>\n<p>Sie k\u00f6nnen der Erhebung und Nutzung Ihrer Daten f\u00fcr die Zukunft widersprechen, indem Sie mit einem Klick auf diesen Link einen Opt-Out-Cookie in Ihrem Browser setzen: <a href=\"https:\/\/www.quantcast.com\/opt-out\/\">https:\/\/www.quantcast.com\/opt-out\/<\/a>.<\/p>\n<p>Wenn Sie die Cookies auf Ihrem Rechner l\u00f6schen, m\u00fcssen Sie den Opt-Out-Cookie erneut setzen.<\/p>\n<p><strong>Datensicherheit<\/strong><\/p>\n<p>Ich bin um die Sicherheit Ihrer Daten im Rahmen der geltenden Datenschutzgesetze und technischen M\u00f6glichkeiten maximal bem\u00fcht.<\/p>\n<p>Zur Sicherung Ihrer Daten unterhalte ich technische und organisatorische Sicherungsma\u00dfnahmen entsprechend Art. 32 DSGVO, die ich immer wieder dem Stand der Technik anpasse.<\/p>\n<p>Ich gew\u00e4hrleiste au\u00dferdem nicht, dass meine Internetpr\u00e4senz zu bestimmten Zeiten zur Verf\u00fcgung steht; St\u00f6rungen, Unterbrechungen oder Ausf\u00e4lle k\u00f6nnen nicht ausgeschlossen werden.<\/p>\n<p><strong>Weitergabe von Daten an Dritte, keine Daten\u00fcbertragung ins Nicht-EU-Ausland<\/strong><\/p>\n<p>Grunds\u00e4tzlich verwende ich Ihre personenbezogenen Daten nur innerhalb meines Unternehmens.<\/p>\n<p>Wenn und soweit ich Dritte im Rahmen der Erf\u00fcllung von Vertr\u00e4gen einschalte, erhalten diese personenbezogene Daten nur in dem Umfang, in welchem die \u00dcbermittlung f\u00fcr die entsprechende Leistung erforderlich ist.<\/p>\n<p>F\u00fcr den Fall, dass ich bestimmte Teile der Datenverarbeitung auslagere (\u201eAuftragsverarbeitung\u201c), verpflichte ich Auftragsverarbeiter vertraglich dazu, personenbezogene Daten nur im Einklang mit den Anforderungen der Datenschutzgesetze zu verwenden und den Schutz der Rechte der betroffenen Person zu gew\u00e4hrleisten.<\/p>\n<p>Eine Daten\u00fcbertragung an Stellen oder Personen au\u00dferhalb der EU au\u00dferhalb der in dieser Erkl\u00e4rung genannten F\u00e4lle findet nicht statt und ist nicht geplant.<\/p>\n","protected":false},"excerpt":{"rendered":"<p>Datenschutzerkl\u00e4rung Allgemeiner Hinweis und Pflichtinformationen Benennung der verantwortlichen Stelle Die verantwortliche Stelle f\u00fcr die Datenverarbeitung auf dieser Website ist: Gabriele Klein, Dipl.-\u00dcbers. Allgemein erm\u00e4chtigt durch das Oberlandesgericht K\u00f6ln, AZ: 3162-111387(7) Alte Bonner Str. 10 D \u2013 53757 Sankt Augustin Tel.:\u00a0+ 49 (0)2241 \u2013 33 55 12 E-Mail: info@uebersetzungen-klein.de &nbsp; Die verantwortliche Stelle entscheidet allein oder [&hellip;]<\/p>\n","protected":false},"author":2,"featured_media":0,"parent":0,"menu_order":3,"comment_status":"closed","ping_status":"closed","template":"","meta":[],"_links":{"self":[{"href":"https:\/\/www.uebersetzungen-klein.de\/gk\/wp-json\/wp\/v2\/pages\/441"}],"collection":[{"href":"https:\/\/www.uebersetzungen-klein.de\/gk\/wp-json\/wp\/v2\/pages"}],"about":[{"href":"https:\/\/www.uebersetzungen-klein.de\/gk\/wp-json\/wp\/v2\/types\/page"}],"author":[{"embeddable":true,"href":"https:\/\/www.uebersetzungen-klein.de\/gk\/wp-json\/wp\/v2\/users\/2"}],"replies":[{"embeddable":true,"href":"https:\/\/www.uebersetzungen-klein.de\/gk\/wp-json\/wp\/v2\/comments?post=441"}],"version-history":[{"count":9,"href":"https:\/\/www.uebersetzungen-klein.de\/gk\/wp-json\/wp\/v2\/pages\/441\/revisions"}],"predecessor-version":[{"id":651,"href":"https:\/\/www.uebersetzungen-klein.de\/gk\/wp-json\/wp\/v2\/pages\/441\/revisions\/651"}],"wp:attachment":[{"href":"https:\/\/www.uebersetzungen-klein.de\/gk\/wp-json\/wp\/v2\/media?parent=441"}],"curies":[{"name":"wp","href":"https:\/\/api.w.org\/{rel}","templated":true}]}}