{"id":14,"date":"2015-02-11T19:20:23","date_gmt":"2015-02-11T18:20:23","guid":{"rendered":"http:\/\/www.uebersetzungen-klein.de\/gk\/?page_id=14"},"modified":"2019-11-09T09:13:07","modified_gmt":"2019-11-09T08:13:07","slug":"impressum","status":"publish","type":"page","link":"https:\/\/www.uebersetzungen-klein.de\/gk\/impressum\/","title":{"rendered":"Impressum"},"content":{"rendered":"<h1>Impressum<\/h1>\n<p><strong>Angaben gem\u00e4\u00df \u00a7 5 TMG<\/strong><\/p>\n<p>Gabriele Klein, Dipl.-\u00dcbers.<\/p>\n<p>Allgemein erm\u00e4chtigt durch das Oberlandesgericht K\u00f6ln, AZ: 3162-111387(7)<\/p>\n<p>Alte Bonner Str. 10<br \/>\nD &#8211; 53757 Sankt Augustin<\/p>\n<p>Tel.:\u00a0\u00a0\u00a0\u00a0 + 49 (0)2241 \u2013 33 55 12<br \/>\nFax:\u00a0\u00a0\u00a0\u00a0 + 49 (0)2241 \u2013 87 99 123<br \/>\nMobil:\u00a0 + 49 (0)172 \u2013 78 48 014<\/p>\n<p>E-Mail:\u00a0\u00a0\u00a0\u00a0\u00a0\u00a0\u00a0\u00a0\u00a0\u00a0\u00a0 info@uebersetzungen-klein.de<\/p>\n<p>Umsatzsteuer-Identifikationsnummer gem. \u00a7 27a UStG: DE180757017<\/p>\n<p>Inhaberin: Gabriele Klein<\/p>\n<p>Inhaltlich Verantwortliche gem\u00e4\u00df \u00a7 5 TMG: Frau Gabriele Klein<\/p>\n<p>Berufshaftpflichtversicherung: ERGO Versicherung AG, Victoriaplatz 1,<\/p>\n<p>40198 D\u00fcsseldorf. Der r\u00e4umliche Geltungsbereich des Versicherungsschutzes umfasst T\u00e4tigkeiten im In- und Ausland.<\/p>\n<p><strong>Urheberrecht<\/strong><\/p>\n<p>Ich bin bestrebt, in allen Publikationen die Urheberrechte der verwendeten Bilder, Grafiken, Tondokumente, Videosequenzen und Texte zu beachten, von mir selbst erstellte Bilder, Grafiken, Tondokumente, Videosequenzen und Texte zu nutzen oder auf lizenzfreie Grafiken, Tondokumente, Videosequenzen und Texte zur\u00fcckzugreifen.<\/p>\n<p><strong>Bildnachweis:<\/strong><\/p>\n<p>Portr\u00e4tbild\/ \u00dcber mich\/ \u00a9 Photo Porst \/ Maroli GmbH<br \/>\nRestliche Bilder und Screenshots \/ \u00a9 Gabriele Klein<\/p>\n<p>Alle innerhalb des Internetangebotes genannten und ggf. durch Dritte gesch\u00fctzten Marken- und Warenzeichen unterliegen uneingeschr\u00e4nkt den Bestimmungen des jeweils g\u00fcltigen Kennzeichenrechts und den Besitzrechten der jeweiligen eingetragenen Eigent\u00fcmer. Allein aufgrund der blo\u00dfen Nennung ist nicht der Schluss zu ziehen, dass Markenzeichen nicht durch Rechte Dritter gesch\u00fctzt sind!<\/p>\n<p>Das Copyright f\u00fcr ver\u00f6ffentlichte, vom Herausgeber selbst erstellte Objekte bleibt allein beim Herausgeber der Seiten. Eine Vervielf\u00e4ltigung oder Verwendung solcher Grafiken, Tondokumente, Videosequenzen und Texte in anderen elektronischen oder gedruckten Publikationen au\u00dferhalb der Grenzen des Urheberrechtsgesetzes ist ohne ausdr\u00fcckliche Zustimmung des Herausgebers nicht gestattet.<\/p>\n<p><strong>Hinweis auf EU-Streitschlichtung<\/strong><\/p>\n<p>&nbsp;<\/p>\n<p>Die\u00a0Plattform zur Online-Streitbeilegung der EU-Kommission finden\u00a0Sie unter <a href=\"http:\/\/ec.europa.eu\/consumers\/odr\">http:\/\/ec.europa.eu\/consumers\/odr<\/a>.<\/p>\n<p>Ich bin zur Teilnahme an einem Streitbeilegungsverfahren vor einer Verbraucherschlichtungsstelle nicht verpflichtet und grunds\u00e4tzlich nicht bereit. Meine E-Mail-Adresse finden sie oben im Impressum.<\/p>\n","protected":false},"excerpt":{"rendered":"<p>Impressum Angaben gem\u00e4\u00df \u00a7 5 TMG Gabriele Klein, Dipl.-\u00dcbers. Allgemein erm\u00e4chtigt durch das Oberlandesgericht K\u00f6ln, AZ: 3162-111387(7) Alte Bonner Str. 10 D &#8211; 53757 Sankt Augustin Tel.:\u00a0\u00a0\u00a0\u00a0 + 49 (0)2241 \u2013 33 55 12 Fax:\u00a0\u00a0\u00a0\u00a0 + 49 (0)2241 \u2013 87 99 123 Mobil:\u00a0 + 49 (0)172 \u2013 78 48 014 E-Mail:\u00a0\u00a0\u00a0\u00a0\u00a0\u00a0\u00a0\u00a0\u00a0\u00a0\u00a0 info@uebersetzungen-klein.de Umsatzsteuer-Identifikationsnummer gem. \u00a7 [&hellip;]<\/p>\n","protected":false},"author":1,"featured_media":0,"parent":0,"menu_order":4,"comment_status":"open","ping_status":"open","template":"","meta":[],"_links":{"self":[{"href":"https:\/\/www.uebersetzungen-klein.de\/gk\/wp-json\/wp\/v2\/pages\/14"}],"collection":[{"href":"https:\/\/www.uebersetzungen-klein.de\/gk\/wp-json\/wp\/v2\/pages"}],"about":[{"href":"https:\/\/www.uebersetzungen-klein.de\/gk\/wp-json\/wp\/v2\/types\/page"}],"author":[{"embeddable":true,"href":"https:\/\/www.uebersetzungen-klein.de\/gk\/wp-json\/wp\/v2\/users\/1"}],"replies":[{"embeddable":true,"href":"https:\/\/www.uebersetzungen-klein.de\/gk\/wp-json\/wp\/v2\/comments?post=14"}],"version-history":[{"count":10,"href":"https:\/\/www.uebersetzungen-klein.de\/gk\/wp-json\/wp\/v2\/pages\/14\/revisions"}],"predecessor-version":[{"id":652,"href":"https:\/\/www.uebersetzungen-klein.de\/gk\/wp-json\/wp\/v2\/pages\/14\/revisions\/652"}],"wp:attachment":[{"href":"https:\/\/www.uebersetzungen-klein.de\/gk\/wp-json\/wp\/v2\/media?parent=14"}],"curies":[{"name":"wp","href":"https:\/\/api.w.org\/{rel}","templated":true}]}}